{"id":3880,"date":"2025-12-01T16:49:42","date_gmt":"2025-12-01T15:49:42","guid":{"rendered":"https:\/\/solutions.j2hbtracker.com\/?post_type=product&#038;p=3880"},"modified":"2026-01-13T14:45:05","modified_gmt":"2026-01-13T13:45:05","slug":"teltonika-fmb920","status":"publish","type":"product","link":"https:\/\/j2hbtrack.com\/fr\/product\/teltonika-fmb920\/","title":{"rendered":"Teltonika FMB920"},"content":{"rendered":"<p data-start=\"169\" data-end=\"399\">Le <strong data-start=\"172\" data-end=\"192\">Teltonika FMB920<\/strong> est l\u2019un des traceurs GPS les plus populaires de la marque Teltonika, gr\u00e2ce \u00e0 son <strong data-start=\"275\" data-end=\"293\">format compact<\/strong> et \u00e0 ses <strong data-start=\"303\" data-end=\"326\">hautes performances<\/strong>, ce qui en fait un choix id\u00e9al pour le suivi de tous types de v\u00e9hicules.<\/p>\n<p data-start=\"401\" data-end=\"580\">L\u2019appareil prend en charge la <strong data-start=\"431\" data-end=\"462\">localisation GPS et GLONASS<\/strong>, et envoie des <strong data-start=\"478\" data-end=\"502\">alertes instantan\u00e9es<\/strong> via SMS ou via la plateforme de suivi en cas d\u2019activit\u00e9 anormale, telle que :<\/p>\n<ul data-start=\"581\" data-end=\"694\">\n<li data-start=\"581\" data-end=\"602\">\n<p data-start=\"583\" data-end=\"602\">vibration suspecte,<\/p>\n<\/li>\n<li data-start=\"603\" data-end=\"641\">\n<p data-start=\"605\" data-end=\"641\">d\u00e9passement de la vitesse autoris\u00e9e,<\/p>\n<\/li>\n<li data-start=\"642\" data-end=\"671\">\n<p data-start=\"644\" data-end=\"671\">d\u00e9connexion de la batterie,<\/p>\n<\/li>\n<li data-start=\"672\" data-end=\"694\">\n<p data-start=\"674\" data-end=\"694\">d\u00e9marrage du moteur.<\/p>\n<\/li>\n<\/ul>\n<p data-start=\"696\" data-end=\"989\">Le FMB920 est \u00e9galement \u00e9quip\u00e9 d\u2019une <strong data-start=\"733\" data-end=\"765\">batterie de secours int\u00e9gr\u00e9e<\/strong>, lui permettant de continuer \u00e0 transmettre des alertes m\u00eame en cas de coupure d\u2019alimentation.<br data-start=\"859\" data-end=\"862\" \/>Il dispose en plus d\u2019une <strong data-start=\"887\" data-end=\"910\">connexion Bluetooth<\/strong>, facilitant la configuration rapide et la connexion d\u2019accessoires compatibles.<\/p>\n<p data-start=\"991\" data-end=\"1196\">Gr\u00e2ce \u00e0 sa <strong data-start=\"1002\" data-end=\"1029\">facilit\u00e9 d\u2019installation<\/strong>, le <strong data-start=\"1034\" data-end=\"1054\">Teltonika FMB920<\/strong> convient aussi bien aux particuliers qu\u2019aux entreprises souhaitant <strong data-start=\"1122\" data-end=\"1195\">prot\u00e9ger et surveiller leurs v\u00e9hicules de mani\u00e8re pr\u00e9cise et efficace<\/strong>.<\/p>\n","protected":false},"excerpt":{"rendered":"<p><img decoding=\"async\" class=\"alignnone size-medium wp-image-2695\" src=\"https:\/\/solutions.j2hbtracker.com\/wp-content\/uploads\/2025\/04\/Teltonika-logotipas-300x59.png\" alt=\"GPS Tracker brand\" width=\"150\" height=\"59\" \/><\/p>\n<p>Le <strong data-start=\"1251\" data-end=\"1271\">Teltonika FMB920<\/strong> est un traceur GPS compact et performant offrant un suivi pr\u00e9cis en temps r\u00e9el des v\u00e9hicules. Il se distingue par ses antennes puissantes, ses alertes instantan\u00e9es et ses fonctions de s\u00e9curit\u00e9 telles que la coupure moteur et l\u2019alerte de d\u00e9connexion.<br data-start=\"1521\" data-end=\"1524\" \/>Il est parfaitement adapt\u00e9 aux voitures particuli\u00e8res, motos et flottes d\u2019entreprises.<\/p>\n","protected":false},"featured_media":3881,"comment_status":"open","ping_status":"closed","template":"","meta":[],"product_brand":[70],"product_cat":[56,54],"product_tag":[],"class_list":{"0":"post-3880","1":"product","2":"type-product","3":"status-publish","4":"has-post-thumbnail","6":"product_brand-teletonika","7":"product_cat-traceurs-2g","8":"product_cat-traceurs-gps","10":"first","11":"instock","12":"virtual","13":"product-type-simple"},"jetpack_sharing_enabled":true,"_links":{"self":[{"href":"https:\/\/j2hbtrack.com\/fr\/wp-json\/wp\/v2\/product\/3880","targetHints":{"allow":["GET"]}}],"collection":[{"href":"https:\/\/j2hbtrack.com\/fr\/wp-json\/wp\/v2\/product"}],"about":[{"href":"https:\/\/j2hbtrack.com\/fr\/wp-json\/wp\/v2\/types\/product"}],"replies":[{"embeddable":true,"href":"https:\/\/j2hbtrack.com\/fr\/wp-json\/wp\/v2\/comments?post=3880"}],"wp:featuredmedia":[{"embeddable":true,"href":"https:\/\/j2hbtrack.com\/fr\/wp-json\/wp\/v2\/media\/3881"}],"wp:attachment":[{"href":"https:\/\/j2hbtrack.com\/fr\/wp-json\/wp\/v2\/media?parent=3880"}],"wp:term":[{"taxonomy":"product_brand","embeddable":true,"href":"https:\/\/j2hbtrack.com\/fr\/wp-json\/wp\/v2\/product_brand?post=3880"},{"taxonomy":"product_cat","embeddable":true,"href":"https:\/\/j2hbtrack.com\/fr\/wp-json\/wp\/v2\/product_cat?post=3880"},{"taxonomy":"product_tag","embeddable":true,"href":"https:\/\/j2hbtrack.com\/fr\/wp-json\/wp\/v2\/product_tag?post=3880"}],"curies":[{"name":"wp","href":"https:\/\/api.w.org\/{rel}","templated":true}]}}